{"id":872,"date":"2021-12-20T16:37:16","date_gmt":"2021-12-20T13:37:16","guid":{"rendered":"https:\/\/gizemev.com\/diamont-yemek-odasi-yemek-odasi\/"},"modified":"2021-12-31T16:39:23","modified_gmt":"2021-12-31T13:39:23","slug":"diamond-yemek-odasi","status":"publish","type":"product","link":"https:\/\/gizemev.com\/en\/diamond-yemek-odasi\/","title":{"rendered":"DIAMOND DINING ROOM"},"content":{"rendered":"<div class=\"product-details-box col-sm-7\">\n<div class=\"product-short-desc\">\n<p>- The Dining Room Set is designed in the E1 quality standard that does not include any carcinogenic substances which are harmless to the environment and health.<\/p>\n<p>- The entire product is designed of 1st class 100% MDF.<\/p>\n<p>- The entire product is painted with natural acrylic lacquer on MDF.<\/p>\n<p>- The set includes Console, Table, and Chair (6). If you wish, you can also order with different combinations.<\/p>\n<p>- Brakes are used in the doors, which improves the lifetime and prevents the impacts.<\/p>\n<p>- Our set is delivered to your home disassembled and assembled in your home.<\/p>\n<p>- You can personalize the color and size of this dining room set.<\/p>\n<p>- Prices may vary in our Dining Room Set for different chair choices.<\/p>\n<p><strong>\u2013 You can buy this Dining Room as a set or as a piece.<\/strong><\/p>\n<\/div>\n<div class=\"product-share-box\">\n<div class=\"addthis_inline_share_toolbox\"><\/div>\n<\/div>\n<\/div>","protected":false},"excerpt":{"rendered":"<p>&#8211; Yemek Odas\u0131 Tak\u0131m\u0131 \u00e7evreye ve sa\u011fl\u0131\u011fa zarars\u0131z kanserojen madde i\u00e7ermeyen E1 kalite standard\u0131nda \u00fcretilmi\u015ftir. &#8211; \u00dcr\u00fcn\u00fcn tamam\u0131 1. s\u0131n\u0131f<\/p>","protected":false},"featured_media":868,"template":"","meta":[],"product_cat":[47],"product_tag":[],"yoast_head":"<!-- This site is optimized with the Yoast SEO Premium plugin v16.0.3 (Yoast SEO v17.3) - https:\/\/yoast.com\/wordpress\/plugins\/seo\/ -->\n<title>DIAMOND YEMEK ODASI - Gizemev<\/title>\n<meta name=\"robots\" content=\"index, follow, max-snippet:-1, max-image-preview:large, max-video-preview:-1\" \/>\n<link rel=\"canonical\" href=\"https:\/\/gizemev.com\/en\/diamond-yemek-odasi\/\" \/>\n<meta property=\"og:locale\" content=\"en_GB\" \/>\n<meta property=\"og:type\" content=\"article\" \/>\n<meta property=\"og:title\" content=\"DIAMOND YEMEK ODASI - Gizemev\" \/>\n<meta property=\"og:description\" content=\"&#8211; Yemek Odas\u0131 Tak\u0131m\u0131 \u00e7evreye ve sa\u011fl\u0131\u011fa zarars\u0131z kanserojen madde i\u00e7ermeyen E1 kalite standard\u0131nda \u00fcretilmi\u015ftir. &#8211; \u00dcr\u00fcn\u00fcn tamam\u0131 1. s\u0131n\u0131f\" \/>\n<meta property=\"og:url\" content=\"https:\/\/gizemev.com\/en\/diamond-yemek-odasi\/\" \/>\n<meta property=\"og:site_name\" content=\"Gizemev\" \/>\n<meta property=\"article:modified_time\" content=\"2021-12-31T13:39:23+00:00\" \/>\n<meta property=\"og:image\" content=\"https:\/\/gizemev.com\/wp-content\/uploads\/2021\/12\/urun-diamont-yemek-odasi-yemek-odasi-01.jpg\" \/>\n\t<meta property=\"og:image:width\" content=\"1200\" \/>\n\t<meta property=\"og:image:height\" content=\"1200\" \/>\n<meta name=\"twitter:card\" content=\"summary_large_image\" \/>\n<meta name=\"twitter:label1\" content=\"Estimated reading time\" \/>\n\t<meta name=\"twitter:data1\" content=\"1 minute\" \/>\n<script type=\"application\/ld+json\" class=\"yoast-schema-graph\">{\"@context\":\"https:\/\/schema.org\",\"@graph\":[{\"@type\":\"WebSite\",\"@id\":\"https:\/\/gizemev.com\/#website\",\"url\":\"https:\/\/gizemev.com\/\",\"name\":\"Gizemev\",\"description\":\"Kalite Tesad\\u00fcf De\\u011fildir\",\"potentialAction\":[{\"@type\":\"SearchAction\",\"target\":{\"@type\":\"EntryPoint\",\"urlTemplate\":\"https:\/\/gizemev.com\/?s={search_term_string}\"},\"query-input\":\"required name=search_term_string\"}],\"inLanguage\":\"en-GB\"},{\"@type\":\"ImageObject\",\"@id\":\"https:\/\/gizemev.com\/diamond-yemek-odasi\/#primaryimage\",\"inLanguage\":\"en-GB\",\"url\":\"https:\/\/gizemev.com\/wp-content\/uploads\/2021\/12\/urun-diamont-yemek-odasi-yemek-odasi-01.jpg\",\"contentUrl\":\"https:\/\/gizemev.com\/wp-content\/uploads\/2021\/12\/urun-diamont-yemek-odasi-yemek-odasi-01.jpg\",\"width\":1200,\"height\":1200},{\"@type\":\"WebPage\",\"@id\":\"https:\/\/gizemev.com\/diamond-yemek-odasi\/#webpage\",\"url\":\"https:\/\/gizemev.com\/diamond-yemek-odasi\/\",\"name\":\"DIAMOND YEMEK ODASI - Gizemev\",\"isPartOf\":{\"@id\":\"https:\/\/gizemev.com\/#website\"},\"primaryImageOfPage\":{\"@id\":\"https:\/\/gizemev.com\/diamond-yemek-odasi\/#primaryimage\"},\"datePublished\":\"2021-12-20T13:37:16+00:00\",\"dateModified\":\"2021-12-31T13:39:23+00:00\",\"breadcrumb\":{\"@id\":\"https:\/\/gizemev.com\/diamond-yemek-odasi\/#breadcrumb\"},\"inLanguage\":\"en-GB\",\"potentialAction\":[{\"@type\":\"ReadAction\",\"target\":[\"https:\/\/gizemev.com\/diamond-yemek-odasi\/\"]}]},{\"@type\":\"BreadcrumbList\",\"@id\":\"https:\/\/gizemev.com\/diamond-yemek-odasi\/#breadcrumb\",\"itemListElement\":[{\"@type\":\"ListItem\",\"position\":1,\"name\":\"Ana sayfa\",\"item\":\"https:\/\/gizemev.com\/\"},{\"@type\":\"ListItem\",\"position\":2,\"name\":\"\"},{\"@type\":\"ListItem\",\"position\":3,\"name\":\"DIAMOND YEMEK ODASI\"}]}]}<\/script>\n<!-- \/ Yoast SEO Premium plugin. -->","yoast_head_json":{"title":"DIAMOND YEMEK ODASI - Gizemev","robots":{"index":"index","follow":"follow","max-snippet":"max-snippet:-1","max-image-preview":"max-image-preview:large","max-video-preview":"max-video-preview:-1"},"canonical":"https:\/\/gizemev.com\/en\/diamond-yemek-odasi\/","og_locale":"en_GB","og_type":"article","og_title":"DIAMOND YEMEK ODASI - Gizemev","og_description":"&#8211; Yemek Odas\u0131 Tak\u0131m\u0131 \u00e7evreye ve sa\u011fl\u0131\u011fa zarars\u0131z kanserojen madde i\u00e7ermeyen E1 kalite standard\u0131nda \u00fcretilmi\u015ftir. &#8211; \u00dcr\u00fcn\u00fcn tamam\u0131 1. s\u0131n\u0131f","og_url":"https:\/\/gizemev.com\/en\/diamond-yemek-odasi\/","og_site_name":"Gizemev","article_modified_time":"2021-12-31T13:39:23+00:00","og_image":[{"width":1200,"height":1200,"url":"https:\/\/gizemev.com\/wp-content\/uploads\/2021\/12\/urun-diamont-yemek-odasi-yemek-odasi-01.jpg","type":"image\/jpeg"}],"twitter_card":"summary_large_image","twitter_misc":{"Estimated reading time":"1 minute"},"schema":{"@context":"https:\/\/schema.org","@graph":[{"@type":"WebSite","@id":"https:\/\/gizemev.com\/#website","url":"https:\/\/gizemev.com\/","name":"Gizemev","description":"Kalite Tesad\u00fcf De\u011fildir","potentialAction":[{"@type":"SearchAction","target":{"@type":"EntryPoint","urlTemplate":"https:\/\/gizemev.com\/?s={search_term_string}"},"query-input":"required name=search_term_string"}],"inLanguage":"en-GB"},{"@type":"ImageObject","@id":"https:\/\/gizemev.com\/diamond-yemek-odasi\/#primaryimage","inLanguage":"en-GB","url":"https:\/\/gizemev.com\/wp-content\/uploads\/2021\/12\/urun-diamont-yemek-odasi-yemek-odasi-01.jpg","contentUrl":"https:\/\/gizemev.com\/wp-content\/uploads\/2021\/12\/urun-diamont-yemek-odasi-yemek-odasi-01.jpg","width":1200,"height":1200},{"@type":"WebPage","@id":"https:\/\/gizemev.com\/diamond-yemek-odasi\/#webpage","url":"https:\/\/gizemev.com\/diamond-yemek-odasi\/","name":"DIAMOND YEMEK ODASI - Gizemev","isPartOf":{"@id":"https:\/\/gizemev.com\/#website"},"primaryImageOfPage":{"@id":"https:\/\/gizemev.com\/diamond-yemek-odasi\/#primaryimage"},"datePublished":"2021-12-20T13:37:16+00:00","dateModified":"2021-12-31T13:39:23+00:00","breadcrumb":{"@id":"https:\/\/gizemev.com\/diamond-yemek-odasi\/#breadcrumb"},"inLanguage":"en-GB","potentialAction":[{"@type":"ReadAction","target":["https:\/\/gizemev.com\/diamond-yemek-odasi\/"]}]},{"@type":"BreadcrumbList","@id":"https:\/\/gizemev.com\/diamond-yemek-odasi\/#breadcrumb","itemListElement":[{"@type":"ListItem","position":1,"name":"Ana sayfa","item":"https:\/\/gizemev.com\/"},{"@type":"ListItem","position":2,"name":""},{"@type":"ListItem","position":3,"name":"DIAMOND YEMEK ODASI"}]}]}},"_links":{"self":[{"href":"https:\/\/gizemev.com\/en\/wp-json\/wp\/v2\/product\/872"}],"collection":[{"href":"https:\/\/gizemev.com\/en\/wp-json\/wp\/v2\/product"}],"about":[{"href":"https:\/\/gizemev.com\/en\/wp-json\/wp\/v2\/types\/product"}],"wp:featuredmedia":[{"embeddable":true,"href":"https:\/\/gizemev.com\/en\/wp-json\/wp\/v2\/media\/868"}],"wp:attachment":[{"href":"https:\/\/gizemev.com\/en\/wp-json\/wp\/v2\/media?parent=872"}],"wp:term":[{"taxonomy":"product_cat","embeddable":true,"href":"https:\/\/gizemev.com\/en\/wp-json\/wp\/v2\/product_cat?post=872"},{"taxonomy":"product_tag","embeddable":true,"href":"https:\/\/gizemev.com\/en\/wp-json\/wp\/v2\/product_tag?post=872"}],"curies":[{"name":"wp","href":"https:\/\/api.w.org\/{rel}","templated":true}]}}