{"id":756,"date":"2021-12-20T16:35:25","date_gmt":"2021-12-20T13:35:25","guid":{"rendered":"https:\/\/gizemev.com\/diamont-tv-unitesi-tv-unitei\/"},"modified":"2021-12-29T11:01:42","modified_gmt":"2021-12-29T08:01:42","slug":"diamond-tv-unitesi","status":"publish","type":"product","link":"https:\/\/gizemev.com\/en\/diamond-tv-unitesi\/","title":{"rendered":"DIAMOND TV UNIT"},"content":{"rendered":"<div class=\"product-details-box col-sm-7\">\n<div class=\"product-short-desc\">\n<ul>\n<li>The Wall Unit is designed in the E1 quality standard that does not include any carcinogenic substances which are harmless to the environment and health.<\/li>\n<li>The entire product is made of 1st class 100% MDF.<\/li>\n<li>The entire product is painted with natural acrylic glossy lacquer on MDF.<\/li>\n<li>Our set is delivered to your home disassembled and assembled in your home.<\/li>\n<li>You can personalize the color and size of this wall unit.<\/li>\n<li><strong>As you can buy the entire set, you can also buy individual furniture.<\/strong><\/li>\n<\/ul>\n<\/p><\/div>\n<div class=\"product-share-box\">\n<div class=\"addthis_inline_share_toolbox\"><\/div><\/div><\/div>","protected":false},"excerpt":{"rendered":"<p>Duvar \u00dcnitesi \u00e7evreye ve sa\u011fl\u0131\u011fa zarars\u0131z kanserojen madde i\u00e7ermeyen E1 kalite standard\u0131nda \u00fcretilmi\u015ftir. \u00dcr\u00fcn\u00fcn tamam\u0131 1. s\u0131n\u0131f %100 MDF den<\/p>","protected":false},"featured_media":750,"template":"","meta":[],"product_cat":[44],"product_tag":[],"yoast_head":"<!-- This site is optimized with the Yoast SEO Premium plugin v16.0.3 (Yoast SEO v17.3) - https:\/\/yoast.com\/wordpress\/plugins\/seo\/ -->\n<title>DIAMOND TV \u00dcN\u0130TES\u0130 - Gizemev<\/title>\n<meta name=\"robots\" content=\"index, follow, max-snippet:-1, max-image-preview:large, max-video-preview:-1\" \/>\n<link rel=\"canonical\" href=\"https:\/\/gizemev.com\/en\/diamond-tv-unitesi\/\" \/>\n<meta property=\"og:locale\" content=\"en_GB\" \/>\n<meta property=\"og:type\" content=\"article\" \/>\n<meta property=\"og:title\" content=\"DIAMOND TV \u00dcN\u0130TES\u0130 - Gizemev\" \/>\n<meta property=\"og:description\" content=\"Duvar \u00dcnitesi \u00e7evreye ve sa\u011fl\u0131\u011fa zarars\u0131z kanserojen madde i\u00e7ermeyen E1 kalite standard\u0131nda \u00fcretilmi\u015ftir. \u00dcr\u00fcn\u00fcn tamam\u0131 1. s\u0131n\u0131f %100 MDF den\" \/>\n<meta property=\"og:url\" content=\"https:\/\/gizemev.com\/en\/diamond-tv-unitesi\/\" \/>\n<meta property=\"og:site_name\" content=\"Gizemev\" \/>\n<meta property=\"article:modified_time\" content=\"2021-12-29T08:01:42+00:00\" \/>\n<meta property=\"og:image\" content=\"https:\/\/gizemev.com\/wp-content\/uploads\/2021\/12\/urun-diamont-tv-unitesi-tv-unitei-01.jpg\" \/>\n\t<meta property=\"og:image:width\" content=\"1710\" \/>\n\t<meta property=\"og:image:height\" content=\"932\" \/>\n<meta name=\"twitter:card\" content=\"summary_large_image\" \/>\n<script type=\"application\/ld+json\" class=\"yoast-schema-graph\">{\"@context\":\"https:\/\/schema.org\",\"@graph\":[{\"@type\":\"WebSite\",\"@id\":\"https:\/\/gizemev.com\/#website\",\"url\":\"https:\/\/gizemev.com\/\",\"name\":\"Gizemev\",\"description\":\"Kalite Tesad\\u00fcf De\\u011fildir\",\"potentialAction\":[{\"@type\":\"SearchAction\",\"target\":{\"@type\":\"EntryPoint\",\"urlTemplate\":\"https:\/\/gizemev.com\/?s={search_term_string}\"},\"query-input\":\"required name=search_term_string\"}],\"inLanguage\":\"en-GB\"},{\"@type\":\"ImageObject\",\"@id\":\"https:\/\/gizemev.com\/diamond-tv-unitesi\/#primaryimage\",\"inLanguage\":\"en-GB\",\"url\":\"https:\/\/gizemev.com\/wp-content\/uploads\/2021\/12\/urun-diamont-tv-unitesi-tv-unitei-01.jpg\",\"contentUrl\":\"https:\/\/gizemev.com\/wp-content\/uploads\/2021\/12\/urun-diamont-tv-unitesi-tv-unitei-01.jpg\",\"width\":1710,\"height\":932},{\"@type\":\"WebPage\",\"@id\":\"https:\/\/gizemev.com\/diamond-tv-unitesi\/#webpage\",\"url\":\"https:\/\/gizemev.com\/diamond-tv-unitesi\/\",\"name\":\"DIAMOND TV \\u00dcN\\u0130TES\\u0130 - Gizemev\",\"isPartOf\":{\"@id\":\"https:\/\/gizemev.com\/#website\"},\"primaryImageOfPage\":{\"@id\":\"https:\/\/gizemev.com\/diamond-tv-unitesi\/#primaryimage\"},\"datePublished\":\"2021-12-20T13:35:25+00:00\",\"dateModified\":\"2021-12-29T08:01:42+00:00\",\"breadcrumb\":{\"@id\":\"https:\/\/gizemev.com\/diamond-tv-unitesi\/#breadcrumb\"},\"inLanguage\":\"en-GB\",\"potentialAction\":[{\"@type\":\"ReadAction\",\"target\":[\"https:\/\/gizemev.com\/diamond-tv-unitesi\/\"]}]},{\"@type\":\"BreadcrumbList\",\"@id\":\"https:\/\/gizemev.com\/diamond-tv-unitesi\/#breadcrumb\",\"itemListElement\":[{\"@type\":\"ListItem\",\"position\":1,\"name\":\"Ana sayfa\",\"item\":\"https:\/\/gizemev.com\/\"},{\"@type\":\"ListItem\",\"position\":2,\"name\":\"\"},{\"@type\":\"ListItem\",\"position\":3,\"name\":\"DIAMOND TV \\u00dcN\\u0130TES\\u0130\"}]}]}<\/script>\n<!-- \/ Yoast SEO Premium plugin. -->","yoast_head_json":{"title":"DIAMOND TV \u00dcN\u0130TES\u0130 - Gizemev","robots":{"index":"index","follow":"follow","max-snippet":"max-snippet:-1","max-image-preview":"max-image-preview:large","max-video-preview":"max-video-preview:-1"},"canonical":"https:\/\/gizemev.com\/en\/diamond-tv-unitesi\/","og_locale":"en_GB","og_type":"article","og_title":"DIAMOND TV \u00dcN\u0130TES\u0130 - Gizemev","og_description":"Duvar \u00dcnitesi \u00e7evreye ve sa\u011fl\u0131\u011fa zarars\u0131z kanserojen madde i\u00e7ermeyen E1 kalite standard\u0131nda \u00fcretilmi\u015ftir. \u00dcr\u00fcn\u00fcn tamam\u0131 1. s\u0131n\u0131f %100 MDF den","og_url":"https:\/\/gizemev.com\/en\/diamond-tv-unitesi\/","og_site_name":"Gizemev","article_modified_time":"2021-12-29T08:01:42+00:00","og_image":[{"width":1710,"height":932,"url":"https:\/\/gizemev.com\/wp-content\/uploads\/2021\/12\/urun-diamont-tv-unitesi-tv-unitei-01.jpg","type":"image\/jpeg"}],"twitter_card":"summary_large_image","schema":{"@context":"https:\/\/schema.org","@graph":[{"@type":"WebSite","@id":"https:\/\/gizemev.com\/#website","url":"https:\/\/gizemev.com\/","name":"Gizemev","description":"Kalite Tesad\u00fcf De\u011fildir","potentialAction":[{"@type":"SearchAction","target":{"@type":"EntryPoint","urlTemplate":"https:\/\/gizemev.com\/?s={search_term_string}"},"query-input":"required name=search_term_string"}],"inLanguage":"en-GB"},{"@type":"ImageObject","@id":"https:\/\/gizemev.com\/diamond-tv-unitesi\/#primaryimage","inLanguage":"en-GB","url":"https:\/\/gizemev.com\/wp-content\/uploads\/2021\/12\/urun-diamont-tv-unitesi-tv-unitei-01.jpg","contentUrl":"https:\/\/gizemev.com\/wp-content\/uploads\/2021\/12\/urun-diamont-tv-unitesi-tv-unitei-01.jpg","width":1710,"height":932},{"@type":"WebPage","@id":"https:\/\/gizemev.com\/diamond-tv-unitesi\/#webpage","url":"https:\/\/gizemev.com\/diamond-tv-unitesi\/","name":"DIAMOND TV \u00dcN\u0130TES\u0130 - Gizemev","isPartOf":{"@id":"https:\/\/gizemev.com\/#website"},"primaryImageOfPage":{"@id":"https:\/\/gizemev.com\/diamond-tv-unitesi\/#primaryimage"},"datePublished":"2021-12-20T13:35:25+00:00","dateModified":"2021-12-29T08:01:42+00:00","breadcrumb":{"@id":"https:\/\/gizemev.com\/diamond-tv-unitesi\/#breadcrumb"},"inLanguage":"en-GB","potentialAction":[{"@type":"ReadAction","target":["https:\/\/gizemev.com\/diamond-tv-unitesi\/"]}]},{"@type":"BreadcrumbList","@id":"https:\/\/gizemev.com\/diamond-tv-unitesi\/#breadcrumb","itemListElement":[{"@type":"ListItem","position":1,"name":"Ana sayfa","item":"https:\/\/gizemev.com\/"},{"@type":"ListItem","position":2,"name":""},{"@type":"ListItem","position":3,"name":"DIAMOND TV \u00dcN\u0130TES\u0130"}]}]}},"_links":{"self":[{"href":"https:\/\/gizemev.com\/en\/wp-json\/wp\/v2\/product\/756"}],"collection":[{"href":"https:\/\/gizemev.com\/en\/wp-json\/wp\/v2\/product"}],"about":[{"href":"https:\/\/gizemev.com\/en\/wp-json\/wp\/v2\/types\/product"}],"wp:featuredmedia":[{"embeddable":true,"href":"https:\/\/gizemev.com\/en\/wp-json\/wp\/v2\/media\/750"}],"wp:attachment":[{"href":"https:\/\/gizemev.com\/en\/wp-json\/wp\/v2\/media?parent=756"}],"wp:term":[{"taxonomy":"product_cat","embeddable":true,"href":"https:\/\/gizemev.com\/en\/wp-json\/wp\/v2\/product_cat?post=756"},{"taxonomy":"product_tag","embeddable":true,"href":"https:\/\/gizemev.com\/en\/wp-json\/wp\/v2\/product_tag?post=756"}],"curies":[{"name":"wp","href":"https:\/\/api.w.org\/{rel}","templated":true}]}}