{"id":454,"date":"2021-12-20T09:05:10","date_gmt":"2021-12-20T06:05:10","guid":{"rendered":"https:\/\/gizemev.com\/?page_id=454"},"modified":"2021-12-29T10:51:39","modified_gmt":"2021-12-29T07:51:39","slug":"mimari-hizmet-formu","status":"publish","type":"page","link":"https:\/\/gizemev.com\/en\/mimari-hizmet-formu\/","title":{"rendered":"ARCHITECTURAL SERVICE FORM"},"content":{"rendered":"<div id=\"row-mimari-hizmet\" class=\"vc_row wpb_row vc_row-fluid\"><div class=\"wpb_column vc_column_container vc_col-sm-12\"><div class=\"vc_column-inner\"><div class=\"wpb_wrapper\">\r\n\t<div class=\"wpb_text_column wpb_content_element\" >\r\n\t\t<div class=\"wpb_wrapper\">\r\n\t\t\t<div class=\"mimari-hizmet\">Architectural Service Form<\/div>\n\r\n\t\t<\/div>\r\n\t<\/div>\r\n<div role=\"form\" class=\"wpcf7\" id=\"wpcf7-f455-o1\" lang=\"tr-TR\" dir=\"ltr\">\n<div class=\"screen-reader-response\"><p role=\"status\" aria-live=\"polite\" aria-atomic=\"true\"><\/p> <ul><\/ul><\/div>\n<form action=\"\/en\/wp-json\/wp\/v2\/pages\/454#wpcf7-f455-o1\" method=\"post\" class=\"wpcf7-form init\" enctype=\"multipart\/form-data\" novalidate=\"novalidate\" data-status=\"init\" data-trp-original-action=\"\/en\/wp-json\/wp\/v2\/pages\/454#wpcf7-f455-o1\">\n<div style=\"display: none;\">\n<input type=\"hidden\" name=\"_wpcf7\" value=\"455\" \/>\n<input type=\"hidden\" name=\"_wpcf7_version\" value=\"5.5.3\" \/>\n<input type=\"hidden\" name=\"_wpcf7_locale\" value=\"tr_TR\" \/>\n<input type=\"hidden\" name=\"_wpcf7_unit_tag\" value=\"wpcf7-f455-o1\" \/>\n<input type=\"hidden\" name=\"_wpcf7_container_post\" value=\"0\" \/>\n<input type=\"hidden\" name=\"_wpcf7_posted_data_hash\" value=\"\" \/>\n<\/div>\n<p><label> For which room would you like to receive interior decorator support?<br \/>\n    <span class=\"wpcf7-form-control-wrap your-name\"><input type=\"text\" name=\"your-name\" value=\"\" size=\"40\" class=\"wpcf7-form-control wpcf7-text wpcf7-validates-as-required\" aria-required=\"true\" aria-invalid=\"false\" \/><\/span> <\/label><br \/>\n<label> m2 Of Your Room?<br \/>\n    <span class=\"wpcf7-form-control-wrap text-422\"><input type=\"text\" name=\"text-422\" value=\"\" size=\"40\" class=\"wpcf7-form-control wpcf7-text\" aria-invalid=\"false\" \/><\/span><\/label><br \/>\n<label>The dimensions of your room, width and length (Width and Length)<\/p>\n<div class=\"yanyana\">\n<label class=\"bosluk\"><span class=\"wpcf7-form-control-wrap text-423\"><input type=\"text\" name=\"text-423\" value=\"\" size=\"40\" class=\"wpcf7-form-control wpcf7-text\" aria-invalid=\"false\" placeholder=\"Width Ex: 5.6 m\" \/><\/span><\/label><br \/>\n<label class=\"bosluk-2\"><span class=\"wpcf7-form-control-wrap text-424\"><input type=\"text\" name=\"text-424\" value=\"\" size=\"40\" class=\"wpcf7-form-control wpcf7-text\" aria-invalid=\"false\" placeholder=\"Length Ex: 3.2 m\" \/><\/span><\/label>\n<\/div>\n<p><\/label><br \/>\n<label > Photo Of Your Room<br \/>\n    <span class=\"wpcf7-form-control-wrap file-514\"><input type=\"file\" name=\"file-514\" size=\"40\" class=\"wpcf7-form-control wpcf7-file wpcf7-validates-as-required\" accept=\".jpg,.jpeg,.png,.gif,.pdf,.doc,.docx,.ppt,.pptx,.odt,.avi,.ogg,.m4a,.mov,.mp3,.mp4,.mpg,.wav,.wmv\" aria-required=\"true\" aria-invalid=\"false\" \/><\/span><\/label><br \/>\n<label>Draft Sketch of Your Room (Please do not forget to specify the Doors, Windows, and Columns and upload the sketch to the system.)<span class=\"wpcf7-form-control-wrap file-514\"><input type=\"file\" name=\"file-514\" size=\"40\" class=\"wpcf7-form-control wpcf7-file wpcf7-validates-as-required\" accept=\".jpg,.jpeg,.png,.gif,.pdf,.doc,.docx,.ppt,.pptx,.odt,.avi,.ogg,.m4a,.mov,.mp3,.mp4,.mpg,.wav,.wmv\" aria-required=\"true\" aria-invalid=\"false\" \/><\/span><\/label><br \/>\n<label> Your Name And Your Surname<br \/>\n    <span class=\"wpcf7-form-control-wrap your-name\"><input type=\"text\" name=\"your-name\" value=\"\" size=\"40\" class=\"wpcf7-form-control wpcf7-text wpcf7-validates-as-required\" aria-required=\"true\" aria-invalid=\"false\" \/><\/span> <\/label><br \/>\n<label>Phone<br \/>\n<span class=\"wpcf7-form-control-wrap tel-458\"><input type=\"tel\" name=\"tel-458\" value=\"\" size=\"40\" class=\"wpcf7-form-control wpcf7-text wpcf7-tel wpcf7-validates-as-required wpcf7-validates-as-tel\" aria-required=\"true\" aria-invalid=\"false\" \/><\/span><\/label><br \/>\n<label> E-mail<br \/>\n    <span class=\"wpcf7-form-control-wrap your-email\"><input type=\"email\" name=\"your-email\" value=\"\" size=\"40\" class=\"wpcf7-form-control wpcf7-text wpcf7-email wpcf7-validates-as-required wpcf7-validates-as-email\" aria-required=\"true\" aria-invalid=\"false\" \/><\/span> <\/label><br \/>\n<label>City \/ District<br \/>\n<span class=\"wpcf7-form-control-wrap text-423\"><input type=\"text\" name=\"text-423\" value=\"\" size=\"40\" class=\"wpcf7-form-control wpcf7-text wpcf7-validates-as-required\" aria-required=\"true\" aria-invalid=\"false\" \/><\/span><\/label><br \/>\n<label> Your Message<br \/>\n    <span class=\"wpcf7-form-control-wrap textarea-744\"><textarea name=\"textarea-744\" cols=\"40\" rows=\"10\" class=\"wpcf7-form-control wpcf7-textarea wpcf7-validates-as-required\" aria-required=\"true\" aria-invalid=\"false\"><\/textarea><\/span><\/label><\/p>\n<div  class=\"gonder-butonu\">\n<input type=\"submit\" value=\"Send\" class=\"wpcf7-form-control has-spinner wpcf7-submit\" \/>\n<\/div>\n<div class=\"wpcf7-response-output\" aria-hidden=\"true\"><\/div><input type=\"hidden\" name=\"trp-form-language\" value=\"en\"\/><\/form><\/div><\/div><\/div><\/div><\/div>","protected":false},"excerpt":{"rendered":"Mimari Hizmet Formu Hangi odan\u0131z i\u00e7in Mimari destek almak istiyorsunuz ? Odan\u0131z\u0131n m2 ? Odan\u0131z\u0131n \u00f6l\u00e7\u00fcleri geni\u015flilik ve uzunluk (En","protected":false},"author":1,"featured_media":0,"parent":0,"menu_order":0,"comment_status":"closed","ping_status":"closed","template":"","meta":[],"yoast_head":"<!-- This site is optimized with the Yoast SEO Premium plugin v16.0.3 (Yoast SEO v17.3) - https:\/\/yoast.com\/wordpress\/plugins\/seo\/ -->\n<title>M\u0130MAR\u0130 H\u0130ZMET FORMU - Gizemev<\/title>\n<meta name=\"robots\" content=\"index, follow, max-snippet:-1, max-image-preview:large, max-video-preview:-1\" \/>\n<link rel=\"canonical\" href=\"https:\/\/gizemev.com\/en\/mimari-hizmet-formu\/\" \/>\n<meta property=\"og:locale\" content=\"en_GB\" \/>\n<meta property=\"og:type\" content=\"article\" \/>\n<meta property=\"og:title\" content=\"M\u0130MAR\u0130 H\u0130ZMET FORMU - Gizemev\" \/>\n<meta property=\"og:url\" content=\"https:\/\/gizemev.com\/en\/mimari-hizmet-formu\/\" \/>\n<meta property=\"og:site_name\" content=\"Gizemev\" \/>\n<meta property=\"article:modified_time\" content=\"2021-12-29T07:51:39+00:00\" \/>\n<meta name=\"twitter:card\" content=\"summary_large_image\" \/>\n<script type=\"application\/ld+json\" class=\"yoast-schema-graph\">{\"@context\":\"https:\/\/schema.org\",\"@graph\":[{\"@type\":\"WebSite\",\"@id\":\"https:\/\/gizemev.com\/#website\",\"url\":\"https:\/\/gizemev.com\/\",\"name\":\"Gizemev\",\"description\":\"Kalite Tesad\\u00fcf De\\u011fildir\",\"potentialAction\":[{\"@type\":\"SearchAction\",\"target\":{\"@type\":\"EntryPoint\",\"urlTemplate\":\"https:\/\/gizemev.com\/?s={search_term_string}\"},\"query-input\":\"required name=search_term_string\"}],\"inLanguage\":\"en-GB\"},{\"@type\":\"WebPage\",\"@id\":\"https:\/\/gizemev.com\/mimari-hizmet-formu\/#webpage\",\"url\":\"https:\/\/gizemev.com\/mimari-hizmet-formu\/\",\"name\":\"M\\u0130MAR\\u0130 H\\u0130ZMET FORMU - Gizemev\",\"isPartOf\":{\"@id\":\"https:\/\/gizemev.com\/#website\"},\"datePublished\":\"2021-12-20T06:05:10+00:00\",\"dateModified\":\"2021-12-29T07:51:39+00:00\",\"breadcrumb\":{\"@id\":\"https:\/\/gizemev.com\/mimari-hizmet-formu\/#breadcrumb\"},\"inLanguage\":\"en-GB\",\"potentialAction\":[{\"@type\":\"ReadAction\",\"target\":[\"https:\/\/gizemev.com\/mimari-hizmet-formu\/\"]}]},{\"@type\":\"BreadcrumbList\",\"@id\":\"https:\/\/gizemev.com\/mimari-hizmet-formu\/#breadcrumb\",\"itemListElement\":[{\"@type\":\"ListItem\",\"position\":1,\"name\":\"Ana sayfa\",\"item\":\"https:\/\/gizemev.com\/\"},{\"@type\":\"ListItem\",\"position\":2,\"name\":\"M\\u0130MAR\\u0130 H\\u0130ZMET FORMU\"}]}]}<\/script>\n<!-- \/ Yoast SEO Premium plugin. -->","yoast_head_json":{"title":"M\u0130MAR\u0130 H\u0130ZMET FORMU - Gizemev","robots":{"index":"index","follow":"follow","max-snippet":"max-snippet:-1","max-image-preview":"max-image-preview:large","max-video-preview":"max-video-preview:-1"},"canonical":"https:\/\/gizemev.com\/en\/mimari-hizmet-formu\/","og_locale":"en_GB","og_type":"article","og_title":"M\u0130MAR\u0130 H\u0130ZMET FORMU - Gizemev","og_url":"https:\/\/gizemev.com\/en\/mimari-hizmet-formu\/","og_site_name":"Gizemev","article_modified_time":"2021-12-29T07:51:39+00:00","twitter_card":"summary_large_image","schema":{"@context":"https:\/\/schema.org","@graph":[{"@type":"WebSite","@id":"https:\/\/gizemev.com\/#website","url":"https:\/\/gizemev.com\/","name":"Gizemev","description":"Kalite Tesad\u00fcf De\u011fildir","potentialAction":[{"@type":"SearchAction","target":{"@type":"EntryPoint","urlTemplate":"https:\/\/gizemev.com\/?s={search_term_string}"},"query-input":"required name=search_term_string"}],"inLanguage":"en-GB"},{"@type":"WebPage","@id":"https:\/\/gizemev.com\/mimari-hizmet-formu\/#webpage","url":"https:\/\/gizemev.com\/mimari-hizmet-formu\/","name":"M\u0130MAR\u0130 H\u0130ZMET FORMU - Gizemev","isPartOf":{"@id":"https:\/\/gizemev.com\/#website"},"datePublished":"2021-12-20T06:05:10+00:00","dateModified":"2021-12-29T07:51:39+00:00","breadcrumb":{"@id":"https:\/\/gizemev.com\/mimari-hizmet-formu\/#breadcrumb"},"inLanguage":"en-GB","potentialAction":[{"@type":"ReadAction","target":["https:\/\/gizemev.com\/mimari-hizmet-formu\/"]}]},{"@type":"BreadcrumbList","@id":"https:\/\/gizemev.com\/mimari-hizmet-formu\/#breadcrumb","itemListElement":[{"@type":"ListItem","position":1,"name":"Ana sayfa","item":"https:\/\/gizemev.com\/"},{"@type":"ListItem","position":2,"name":"M\u0130MAR\u0130 H\u0130ZMET FORMU"}]}]}},"_links":{"self":[{"href":"https:\/\/gizemev.com\/en\/wp-json\/wp\/v2\/pages\/454"}],"collection":[{"href":"https:\/\/gizemev.com\/en\/wp-json\/wp\/v2\/pages"}],"about":[{"href":"https:\/\/gizemev.com\/en\/wp-json\/wp\/v2\/types\/page"}],"author":[{"embeddable":true,"href":"https:\/\/gizemev.com\/en\/wp-json\/wp\/v2\/users\/1"}],"replies":[{"embeddable":true,"href":"https:\/\/gizemev.com\/en\/wp-json\/wp\/v2\/comments?post=454"}],"version-history":[{"count":3,"href":"https:\/\/gizemev.com\/en\/wp-json\/wp\/v2\/pages\/454\/revisions"}],"predecessor-version":[{"id":1031,"href":"https:\/\/gizemev.com\/en\/wp-json\/wp\/v2\/pages\/454\/revisions\/1031"}],"wp:attachment":[{"href":"https:\/\/gizemev.com\/en\/wp-json\/wp\/v2\/media?parent=454"}],"curies":[{"name":"wp","href":"https:\/\/api.w.org\/{rel}","templated":true}]}}